{"id":49635,"date":"2019-05-07T13:38:39","date_gmt":"2019-05-07T13:38:39","guid":{"rendered":"http:\/\/unaburo.com\/?page_id=49635"},"modified":"2020-05-11T23:13:44","modified_gmt":"2020-05-12T03:13:44","slug":"faq","status":"publish","type":"page","link":"https:\/\/unaburo.thedev.ca\/fr\/faq\/","title":{"rendered":"FAQ"},"content":{"rendered":"<p>[et_pb_section fb_built=&#8221;1&#8243; custom_padding_last_edited=&#8221;on|desktop&#8221; _builder_version=&#8221;3.22&#8243; use_background_color_gradient=&#8221;on&#8221; background_color_gradient_start=&#8221;rgba(123,162,175,0.75)&#8221; background_color_gradient_end=&#8221;rgba(83,128,150,0.76)&#8221; background_color_gradient_direction=&#8221;45deg&#8221; background_color_gradient_overlays_image=&#8221;on&#8221; background_image=&#8221;https:\/\/unaburo.thedev.ca\/wp-content\/uploads\/laugh-1.jpg&#8221; background_position=&#8221;top_center&#8221; custom_padding=&#8221;0px||150px|&#8221; custom_padding_tablet=&#8221;||100px|&#8221; custom_padding_phone=&#8221;&#8221; bottom_divider_style=&#8221;waves2&#8243; bottom_divider_color=&#8221;#ffffff&#8221; bottom_divider_height=&#8221;150px&#8221; bottom_divider_height_tablet=&#8221;75px&#8221; bottom_divider_height_phone=&#8221;50px&#8221; bottom_divider_height_last_edited=&#8221;on|phone&#8221;][et_pb_row _builder_version=&#8221;3.25&#8243; background_size=&#8221;initial&#8221; background_position=&#8221;top_left&#8221; background_repeat=&#8221;repeat&#8221;][et_pb_column type=&#8221;4_4&#8243; _builder_version=&#8221;3.25&#8243; custom_padding=&#8221;|||&#8221; custom_padding__hover=&#8221;|||&#8221;][et_pb_text _builder_version=&#8221;3.27.4&#8243; header_font=&#8221;Maven Pro|100||on|||||&#8221; header_font_size=&#8221;100px&#8221; header_line_height=&#8221;1.3em&#8221; header_3_font=&#8221;Lato|900||on|||||&#8221; header_3_font_size=&#8221;15px&#8221; header_3_letter_spacing=&#8221;10px&#8221; text_orientation=&#8221;center&#8221; background_layout=&#8221;dark&#8221; module_alignment=&#8221;center&#8221; header_font_size_tablet=&#8221;60px&#8221; header_font_size_phone=&#8221;40px&#8221; header_font_size_last_edited=&#8221;on|phone&#8221; header_3_font_size_tablet=&#8221;&#8221; header_3_font_size_phone=&#8221;12px&#8221; header_3_font_size_last_edited=&#8221;on|phone&#8221; header_3_letter_spacing_tablet=&#8221;&#8221; header_3_letter_spacing_phone=&#8221;6px&#8221; header_3_letter_spacing_last_edited=&#8221;on|desktop&#8221;]<\/p>\n<h1>FAQ<\/h1>\n<p>[\/et_pb_text][\/et_pb_column][\/et_pb_row][\/et_pb_section][et_pb_section fb_built=&#8221;1&#8243; _builder_version=&#8221;3.22&#8243; custom_padding=&#8221;0px||0||false|false&#8221; locked=&#8221;off&#8221;][et_pb_row column_structure=&#8221;1_5,3_5,1_5&#8243; custom_padding_last_edited=&#8221;on|tablet&#8221; _builder_version=&#8221;3.25&#8243; background_size=&#8221;initial&#8221; background_position=&#8221;top_left&#8221; background_repeat=&#8221;repeat&#8221; custom_padding=&#8221;31px||72px||false|false&#8221; custom_padding_tablet=&#8221;&#8221; custom_padding_phone=&#8221;&#8221;][et_pb_column type=&#8221;1_5&#8243; _builder_version=&#8221;3.25&#8243; custom_padding=&#8221;|||&#8221; custom_padding__hover=&#8221;|||&#8221;][\/et_pb_column][et_pb_column type=&#8221;3_5&#8243; _builder_version=&#8221;3.25&#8243; custom_padding=&#8221;|||&#8221; custom_padding__hover=&#8221;|||&#8221;][et_pb_accordion _builder_version=&#8221;4.0.11&#8243; hover_enabled=&#8221;0&#8243;][et_pb_accordion_item title=&#8221;Combien de temps est n\u00e9cessaire pour une installation typique ? &#8221; open=&#8221;on&#8221; _builder_version=&#8221;4.0.11&#8243; hover_enabled=&#8221;0&#8243;]<\/p>\n<p>Selon la taille de votre organisme et vos exigences, l\u2019\u00e9ch\u00e9ancier variera de 5 semaines \u00e0 8 mois.<\/p>\n<p>[\/et_pb_accordion_item][et_pb_accordion_item title=&#8221;Salesforce.com est connect\u00e9 sur Internet, mais est-ce s\u00e9curitaire ?&#8221; _builder_version=&#8221;4.0.11&#8243; hover_enabled=&#8221;0&#8243; open=&#8221;off&#8221;]<\/p>\n<p>Oui. Gr\u00e2ce \u00e0 des serveurs \u00e0 la fine pointe de la technologie, des contr\u00f4les d&#8217;acc\u00e8s biom\u00e9triques et des syst\u00e8mes redondants. Les banques, les gouvernements et d&#8217;autres organisations tr\u00e8s r\u00e9glement\u00e9es leur font confiance. La confiance est la valeur cardinale de Salesforce.<\/p>\n<p>[\/et_pb_accordion_item][et_pb_accordion_item title=&#8221;Qu&#8217;arrive-t-il si vous n&#8217;\u00eates pas disponibles, que nous voulions changer de fournisseur ou que nous avons besoin d&#8217;un deuxi\u00e8me avis ?&#8221; _builder_version=&#8221;4.0.11&#8243; hover_enabled=&#8221;0&#8243; open=&#8221;off&#8221;]<\/p>\n<p>Salesforce a un vaste \u00e9cosyst\u00e8me de 3 millions d&#8217;utilisateurs dans la communaut\u00e9. Le portail <em>Power of Us<\/em> pour est un forum en ligne d\u00e9di\u00e9 aux OBNL et il offre un soutien incroyable. Les OBNL font face \u00e0 des probl\u00e8mes similaires et ont des questions qui se ressemblent. Posez une question dans le forum et quelqu&#8217;un de la communaut\u00e9 vous aidera. Il y a beaucoup d&#8217;autres partenaires de Salesforce qui soutiennent les OBNL. La plateforme Salesforce elle-m\u00eame fournit de l\u2019assistance.<\/p>\n<p>[\/et_pb_accordion_item][et_pb_accordion_item title=&#8221;Nous n&#8217;avons aucune personne d\u00e9di\u00e9e aux TI dans notre organisme. Pouvons-nous faire ces changements sans une ressource technique ?&#8221; _builder_version=&#8221;4.0.11&#8243; hover_enabled=&#8221;0&#8243; open=&#8221;off&#8221;]<\/p>\n<p>Oui. Nous travaillons tous les jours avec des organismes qui n\u2019ont pas de personnel d\u00e9di\u00e9 aux TI. Alors s\u2019ils peuvent le faire, vous le pouvez aussi ! Identifiez la personne la plus \u00e0 l\u2019aise et int\u00e9ress\u00e9e par la technologie. Nous la guiderons et la formerons si elle est dispos\u00e9e et a le temps d\u2019apprendre. Facile.<\/p>\n<p>[\/et_pb_accordion_item][\/et_pb_accordion][\/et_pb_column][et_pb_column type=&#8221;1_5&#8243; _builder_version=&#8221;3.25&#8243; custom_padding=&#8221;|||&#8221; custom_padding__hover=&#8221;|||&#8221;][\/et_pb_column][\/et_pb_row][\/et_pb_section][et_pb_section fb_built=&#8221;1&#8243; module_id=&#8221;bottomEmailOptin&#8221; _builder_version=&#8221;3.0.89&#8243; use_background_color_gradient=&#8221;on&#8221; background_color_gradient_start=&#8221;rgba(34,34,37,0.95)&#8221; background_color_gradient_end=&#8221;rgba(34,34,37,0.95)&#8221; background_color_gradient_overlays_image=&#8221;on&#8221; background_image=&#8221;https:\/\/unaburo.thedev.ca\/wp-content\/uploads\/agency.jpg&#8221; custom_padding=&#8221;||0px|&#8221; global_module=&#8221;49647&#8243; saved_tabs=&#8221;all&#8221; locked=&#8221;off&#8221;][et_pb_row _builder_version=&#8221;3.25&#8243; custom_padding=&#8221;0px||10px|&#8221;][et_pb_column type=&#8221;4_4&#8243; _builder_version=&#8221;3.25&#8243; custom_padding=&#8221;|||&#8221; custom_padding__hover=&#8221;|||&#8221;][et_pb_divider color=&#8221;rgba(255,255,255,0.15)&#8221; _builder_version=&#8221;3.2&#8243; height=&#8221;1px&#8221;][\/et_pb_divider][et_pb_social_media_follow _builder_version=&#8221;3.19.18&#8243; text_orientation=&#8221;center&#8221;][et_pb_social_media_follow_network social_network=&#8221;facebook&#8221; url=&#8221;https:\/\/www.facebook.com\/unaburo\/&#8221; _builder_version=&#8221;3.19.18&#8243; background_color=&#8221;#538096&#8243; follow_button=&#8221;off&#8221; url_new_window=&#8221;on&#8221;]Facebook[\/et_pb_social_media_follow_network][et_pb_social_media_follow_network social_network=&#8221;youtube&#8221; url=&#8221;https:\/\/www.youtube.com\/channel\/UCvcg5UIOG-KVTqp-3xGg_Bw&#8221; _builder_version=&#8221;3.19.18&#8243; background_color=&#8221;#831c34&#8243; follow_button=&#8221;off&#8221; url_new_window=&#8221;on&#8221;]Youtube[\/et_pb_social_media_follow_network][et_pb_social_media_follow_network social_network=&#8221;linkedin&#8221; url=&#8221;https:\/\/www.linkedin.com\/company\/una-buro&#8221; _builder_version=&#8221;3.19.18&#8243; background_color=&#8221;#538096&#8243; follow_button=&#8221;off&#8221; url_new_window=&#8221;on&#8221;]LinkedIn[\/et_pb_social_media_follow_network][\/et_pb_social_media_follow][et_pb_text _builder_version=&#8221;4.0.11&#8243; text_font=&#8221;Lato||||||||&#8221; text_font_size=&#8221;16px&#8221; text_line_height=&#8221;0.5em&#8221; link_text_color=&#8221;#b02c3c&#8221; header_2_font=&#8221;Lato|300|||||||&#8221; header_2_font_size=&#8221;60px&#8221; header_3_font=&#8221;Lato|300|||||||&#8221; header_3_font_size=&#8221;48px&#8221; text_orientation=&#8221;center&#8221; background_layout=&#8221;dark&#8221; module_alignment=&#8221;center&#8221; custom_margin=&#8221;||25px|&#8221; text_text_shadow_style=&#8221;preset3&#8243; text_text_shadow_blur_strength=&#8221;1.34em&#8221; text_text_shadow_color=&#8221;rgba(0,0,0,0.22)&#8221; locked=&#8221;off&#8221;]<\/p>\n<p>\u00a9 2020 Una Buro<\/p>\n<p>107-2020 Trans Canda Route<\/p>\n<p>Dorval, QC H9P 2N4<\/p>\n<p>514-226-8451<\/p>\n<p><a href=\"mailto:hello@unaburo.thedev.ca\">bonjour@unaburo.thedev.ca<\/a><\/p>\n<p>[\/et_pb_text][\/et_pb_column][\/et_pb_row][\/et_pb_section]<\/p>\n","protected":false},"excerpt":{"rendered":"<p>[et_pb_section fb_built=&#8221;1&#8243; custom_padding_last_edited=&#8221;on|desktop&#8221; _builder_version=&#8221;3.22&#8243; use_background_color_gradient=&#8221;on&#8221; background_color_gradient_start=&#8221;rgba(123,162,175,0.75)&#8221; background_color_gradient_end=&#8221;rgba(83,128,150,0.76)&#8221; background_color_gradient_direction=&#8221;45deg&#8221; background_color_gradient_overlays_image=&#8221;on&#8221; background_image=&#8221;https:\/\/unaburo.thedev.ca\/wp-content\/uploads\/laugh-1.jpg&#8221; background_position=&#8221;top_center&#8221; custom_padding=&#8221;0px||150px|&#8221; custom_padding_tablet=&#8221;||100px|&#8221; custom_padding_phone=&#8221;&#8221; bottom_divider_style=&#8221;waves2&#8243; bottom_divider_color=&#8221;#ffffff&#8221; bottom_divider_height=&#8221;150px&#8221; bottom_divider_height_tablet=&#8221;75px&#8221; bottom_divider_height_phone=&#8221;50px&#8221; bottom_divider_height_last_edited=&#8221;on|phone&#8221;][et_pb_row _builder_version=&#8221;3.25&#8243; background_size=&#8221;initial&#8221; background_position=&#8221;top_left&#8221; background_repeat=&#8221;repeat&#8221;][et_pb_column type=&#8221;4_4&#8243; _builder_version=&#8221;3.25&#8243; custom_padding=&#8221;|||&#8221; custom_padding__hover=&#8221;|||&#8221;][et_pb_text _builder_version=&#8221;3.27.4&#8243; header_font=&#8221;Maven Pro|100||on|||||&#8221; header_font_size=&#8221;100px&#8221; header_line_height=&#8221;1.3em&#8221; header_3_font=&#8221;Lato|900||on|||||&#8221; header_3_font_size=&#8221;15px&#8221; header_3_letter_spacing=&#8221;10px&#8221; text_orientation=&#8221;center&#8221; background_layout=&#8221;dark&#8221; module_alignment=&#8221;center&#8221; header_font_size_tablet=&#8221;60px&#8221; header_font_size_phone=&#8221;40px&#8221; header_font_size_last_edited=&#8221;on|phone&#8221; header_3_font_size_tablet=&#8221;&#8221; header_3_font_size_phone=&#8221;12px&#8221; header_3_font_size_last_edited=&#8221;on|phone&#8221; header_3_letter_spacing_tablet=&#8221;&#8221; header_3_letter_spacing_phone=&#8221;6px&#8221; header_3_letter_spacing_last_edited=&#8221;on|desktop&#8221;] FAQ [\/et_pb_text][\/et_pb_column][\/et_pb_row][\/et_pb_section][et_pb_section fb_built=&#8221;1&#8243; _builder_version=&#8221;3.22&#8243; custom_padding=&#8221;0px||0||false|false&#8221; locked=&#8221;off&#8221;][et_pb_row column_structure=&#8221;1_5,3_5,1_5&#8243; [&hellip;]<\/p>\n","protected":false},"author":6,"featured_media":0,"parent":0,"menu_order":7,"comment_status":"closed","ping_status":"closed","template":"","meta":{"_et_pb_use_builder":"on","_et_pb_old_content":"","_et_gb_content_width":""},"_links":{"self":[{"href":"https:\/\/unaburo.thedev.ca\/fr\/wp-json\/wp\/v2\/pages\/49635"}],"collection":[{"href":"https:\/\/unaburo.thedev.ca\/fr\/wp-json\/wp\/v2\/pages"}],"about":[{"href":"https:\/\/unaburo.thedev.ca\/fr\/wp-json\/wp\/v2\/types\/page"}],"author":[{"embeddable":true,"href":"https:\/\/unaburo.thedev.ca\/fr\/wp-json\/wp\/v2\/users\/6"}],"replies":[{"embeddable":true,"href":"https:\/\/unaburo.thedev.ca\/fr\/wp-json\/wp\/v2\/comments?post=49635"}],"version-history":[{"count":5,"href":"https:\/\/unaburo.thedev.ca\/fr\/wp-json\/wp\/v2\/pages\/49635\/revisions"}],"predecessor-version":[{"id":51835,"href":"https:\/\/unaburo.thedev.ca\/fr\/wp-json\/wp\/v2\/pages\/49635\/revisions\/51835"}],"wp:attachment":[{"href":"https:\/\/unaburo.thedev.ca\/fr\/wp-json\/wp\/v2\/media?parent=49635"}],"curies":[{"name":"wp","href":"https:\/\/api.w.org\/{rel}","templated":true}]}}