{"id":50544,"date":"2019-12-09T22:06:19","date_gmt":"2019-12-09T22:06:19","guid":{"rendered":"https:\/\/unaburo.com\/?page_id=50544"},"modified":"2023-05-03T04:32:15","modified_gmt":"2023-05-03T08:32:15","slug":"carrieres","status":"publish","type":"page","link":"https:\/\/unaburo.thedev.ca\/fr\/carrieres\/","title":{"rendered":"Carri\u00e8res"},"content":{"rendered":"<p>[et_pb_section fb_built=&#8221;1&#8243; custom_padding_last_edited=&#8221;on|desktop&#8221; _builder_version=&#8221;4.8.0&#8243; use_background_color_gradient=&#8221;on&#8221; background_color_gradient_start=&#8221;rgba(123,162,175,0.75)&#8221; background_color_gradient_end=&#8221;rgba(83,128,150,0.76)&#8221; background_color_gradient_direction=&#8221;45deg&#8221; background_color_gradient_overlays_image=&#8221;on&#8221; background_image=&#8221;https:\/\/unaburo.thedev.ca\/wp-content\/uploads\/actions-environnementales-1920-4-1632271273.jpg&#8221; background_position=&#8221;top_center&#8221; z_index=&#8221;0&#8243; custom_padding=&#8221;0px||150px|&#8221; custom_padding_tablet=&#8221;||100px|&#8221; custom_padding_phone=&#8221;&#8221; bottom_divider_color=&#8221;#ffffff&#8221; bottom_divider_height=&#8221;150px&#8221; bottom_divider_height_tablet=&#8221;75px&#8221; bottom_divider_height_phone=&#8221;50px&#8221; bottom_divider_height_last_edited=&#8221;on|phone&#8221; locked=&#8221;off&#8221;][et_pb_row _builder_version=&#8221;4.8.0&#8243; background_size=&#8221;initial&#8221; background_position=&#8221;top_left&#8221; background_repeat=&#8221;repeat&#8221; border_radii=&#8221;on|4px|4px|4px|4px&#8221; border_width_all=&#8221;4px&#8221; border_color_all=&#8221;#FFFFFF&#8221;][et_pb_column type=&#8221;4_4&#8243; _builder_version=&#8221;3.25&#8243; custom_padding=&#8221;|||&#8221; custom_padding__hover=&#8221;|||&#8221;][et_pb_text _builder_version=&#8221;4.8.0&#8243; text_font_size=&#8221;56px&#8221; header_font=&#8221;Maven Pro|100||on|||||&#8221; header_font_size=&#8221;100px&#8221; header_line_height=&#8221;1.3em&#8221; header_3_font=&#8221;Lato|900||on|||||&#8221; header_3_font_size=&#8221;15px&#8221; header_3_letter_spacing=&#8221;10px&#8221; z_index=&#8221;0&#8243; text_orientation=&#8221;center&#8221; background_layout=&#8221;dark&#8221; module_alignment=&#8221;center&#8221; header_font_size_tablet=&#8221;60px&#8221; header_font_size_phone=&#8221;40px&#8221; header_font_size_last_edited=&#8221;on|phone&#8221; header_3_font_size_tablet=&#8221;&#8221; header_3_font_size_phone=&#8221;12px&#8221; header_3_font_size_last_edited=&#8221;on|phone&#8221; header_3_letter_spacing_tablet=&#8221;&#8221; header_3_letter_spacing_phone=&#8221;6px&#8221; header_3_letter_spacing_last_edited=&#8221;on|desktop&#8221;]Activit\u00e9s environnementales<br \/>\n[\/et_pb_text][\/et_pb_column][\/et_pb_row][\/et_pb_section][et_pb_section fb_built=&#8221;1&#8243; custom_padding_last_edited=&#8221;on|desktop&#8221; _builder_version=&#8221;4.8.0&#8243; use_background_color_gradient=&#8221;on&#8221; background_color_gradient_start=&#8221;#2a7852&#8243; background_color_gradient_end=&#8221;rgba(83,128,150,0.76)&#8221; background_color_gradient_direction=&#8221;45deg&#8221; background_color_gradient_overlays_image=&#8221;on&#8221; background_enable_image=&#8221;off&#8221; background_position=&#8221;top_center&#8221; custom_padding=&#8221;0px||0px|||&#8221; custom_padding_tablet=&#8221;||100px|&#8221; custom_padding_phone=&#8221;&#8221; bottom_divider_color=&#8221;#ffffff&#8221; bottom_divider_height=&#8221;150px&#8221; bottom_divider_height_tablet=&#8221;75px&#8221; bottom_divider_height_phone=&#8221;50px&#8221; bottom_divider_height_last_edited=&#8221;on|phone&#8221; locked=&#8221;off&#8221;][et_pb_row column_structure=&#8221;1_2,1_2&#8243; _builder_version=&#8221;4.8.0&#8243; _module_preset=&#8221;default&#8221; z_index=&#8221;0&#8243;][et_pb_column type=&#8221;1_2&#8243; _builder_version=&#8221;4.8.0&#8243; _module_preset=&#8221;default&#8221;][et_pb_text _builder_version=&#8221;4.8.0&#8243; _module_preset=&#8221;default&#8221; text_text_color=&#8221;#FFFFFF&#8221;]<\/p>\n<p dir=\"ltr\">De mai \u00e0 octobre, venez nous rencontrer et participer activement \u00e0 la conservation et \u00e0 la protection des milieux naturels de la montagne tous les samedis et dimanches matin de 10 h \u00e0 midi, ainsi qu\u2019un mardi par mois de 16 h 30 \u00e0 18 h 30.<\/p>\n<ul>\n<li dir=\"ltr\" aria-level=\"1\">\n<p dir=\"ltr\" role=\"presentation\">Gratuit;<\/p>\n<\/li>\n<li dir=\"ltr\" aria-level=\"1\">\n<p dir=\"ltr\" role=\"presentation\">Activit\u00e9 familiale 7 ans et + \/ Activit\u00e9 autonome 14 ans et +<\/p>\n<\/li>\n<li dir=\"ltr\" aria-level=\"1\">\n<p dir=\"ltr\" role=\"presentation\">Inscription obligatoire;<\/p>\n<\/li>\n<li dir=\"ltr\" aria-level=\"1\">\n<p dir=\"ltr\" role=\"presentation\">Pri\u00e8re de vous pr\u00e9senter \u00e0 la maison Smith (1260, chemin Remembrance), sauf mention sp\u00e9ciale, quelques minutes avant l\u2019heure sp\u00e9cifi\u00e9e. Nous ne pourrons pas attendre les retardataires;<\/p>\n<\/li>\n<li dir=\"ltr\" aria-level=\"1\">\n<p dir=\"ltr\" role=\"presentation\">Les outils n\u00e9cessaires aux diff\u00e9rentes t\u00e2ches sont fournis par Les Amis de la montagne;<\/p>\n<\/li>\n<li dir=\"ltr\" aria-level=\"1\">\n<p dir=\"ltr\" role=\"presentation\">Le port du pantalon long et de chaussures ferm\u00e9es est obligatoire;<\/p>\n<\/li>\n<li dir=\"ltr\" aria-level=\"1\">\n<p dir=\"ltr\" role=\"presentation\">Le port d\u2019un couvre-chef est fortement recommand\u00e9;<\/p>\n<\/li>\n<li dir=\"ltr\" aria-level=\"1\">\n<p dir=\"ltr\" role=\"presentation\">Nous vous encourageons \u00e0 apporter une bouteille d\u2019eau r\u00e9utilisable.<\/p>\n<\/li>\n<\/ul>\n<p dir=\"ltr\">Nous nous r\u00e9servons le droit d\u2019ajuster les activit\u00e9s en cas de contraintes li\u00e9es aux conditions m\u00e9t\u00e9orologiques ou selon les recommandations de la Sant\u00e9 publique.<\/p>\n<p dir=\"ltr\">Vous avez une question ou n\u2019\u00eates plus disponible pour une activit\u00e9 \u00e0 laquelle vous vous \u00eates inscrit(e)? \u00c9crivez-nous \u00e0\u00a0<a href=\"mailto:benevolat@lemontroyal.qc.ca\">benevolat@lemontroyal.qc.ca<\/a>.<\/p>\n<p>[\/et_pb_text][\/et_pb_column][et_pb_column type=&#8221;1_2&#8243; _builder_version=&#8221;4.8.0&#8243; _module_preset=&#8221;default&#8221;][et_pb_image src=&#8221;https:\/\/unaburo.thedev.ca\/wp-content\/uploads\/charity-27.jpg&#8221; title_text=&#8221;charity-27&#8243; align=&#8221;center&#8221; _builder_version=&#8221;4.8.0&#8243; _module_preset=&#8221;default&#8221; z_index=&#8221;0&#8243;][\/et_pb_image][\/et_pb_column][\/et_pb_row][et_pb_row column_structure=&#8221;1_2,1_2&#8243; _builder_version=&#8221;4.8.0&#8243; _module_preset=&#8221;default&#8221; z_index=&#8221;auto&#8221;][et_pb_column type=&#8221;1_2&#8243; _builder_version=&#8221;4.8.0&#8243; _module_preset=&#8221;default&#8221;][et_pb_code _builder_version=&#8221;4.8.0&#8243; _module_preset=&#8221;default&#8221; z_index=&#8221;auto&#8221; hover_enabled=&#8221;0&#8243; custom_css_main_element=&#8221; font-family: %22Raleway%22;|| src: url(&#8216;https:\/\/fonts.googleapis.com\/css2?family=Raleway&#038;display=swap&#8217;) format(%22truetype%22);||&#8221; sticky_enabled=&#8221;0&#8243;]<script src=\"https:\/\/lesamisdelamontagne3--volunteer.sandbox.my.site.com\/volunteer\/lightning\/lightning.out.js\"><\/script><!-- [et_pb_line_break_holder] --><link rel=\"preconnect\" href=\"https:\/\/fonts.googleapis.com\"><!-- [et_pb_line_break_holder] --><link rel=\"preconnect\" href=\"https:\/\/fonts.gstatic.com\" crossorigin><!-- [et_pb_line_break_holder] --><link href=\"https:\/\/fonts.googleapis.com\/css2?family=Raleway&#038;display=swap\" rel=\"stylesheet\"><!-- [et_pb_line_break_holder] --><!-- [et_pb_line_break_holder] --><\/p>\n<div class=\"backdrop\" lang=\"fr\"><!-- [et_pb_line_break_holder] -->  <\/p>\n<div id=\"lightningvf2\" class=\"centered\"><!-- [et_pb_line_break_holder] -->  <\/div>\n<p><!-- [et_pb_line_break_holder] --><\/div>\n<p><!-- [et_pb_line_break_holder] --><!-- [et_pb_line_break_holder] --> <script><!-- [et_pb_line_break_holder] -->        $Lightning.use(\"c:VolunteerSignupContainer\", function () {<!-- [et_pb_line_break_holder] -->            $Lightning.createComponent(\"c:volunteerSignupSingle\",<!-- [et_pb_line_break_holder] -->                {jobId: 'a0w78000000FBGTAA4', lang: 'fr'},<!-- [et_pb_line_break_holder] -->                \"lightningvf2\",<!-- [et_pb_line_break_holder] -->                function (cmp) {<!-- [et_pb_line_break_holder] -->                }<!-- [et_pb_line_break_holder] -->            );<!-- [et_pb_line_break_holder] -->        });<!-- [et_pb_line_break_holder] -->    <\/script>[\/et_pb_code][\/et_pb_column][et_pb_column type=&#8221;1_2&#8243; _builder_version=&#8221;4.8.0&#8243; _module_preset=&#8221;default&#8221;][\/et_pb_column][\/et_pb_row][\/et_pb_section][et_pb_section fb_built=&#8221;1&#8243; _builder_version=&#8221;4.8.0&#8243; custom_padding=&#8221;2px||0px|||&#8221; hover_enabled=&#8221;0&#8243; sticky_enabled=&#8221;0&#8243;][et_pb_row column_structure=&#8221;1_4,1_2,1_4&#8243; _builder_version=&#8221;3.25&#8243; hover_enabled=&#8221;0&#8243; sticky_enabled=&#8221;0&#8243;][et_pb_column type=&#8221;1_4&#8243; _builder_version=&#8221;3.25&#8243; custom_padding=&#8221;|||&#8221; custom_padding__hover=&#8221;|||&#8221;][\/et_pb_column][et_pb_column type=&#8221;1_2&#8243; _builder_version=&#8221;3.25&#8243; custom_padding=&#8221;|||&#8221; custom_padding__hover=&#8221;|||&#8221;][\/et_pb_column][et_pb_column type=&#8221;1_4&#8243; _builder_version=&#8221;3.25&#8243; custom_padding=&#8221;|||&#8221; custom_padding__hover=&#8221;|||&#8221;][\/et_pb_column][\/et_pb_row][\/et_pb_section][et_pb_section fb_built=&#8221;1&#8243; module_id=&#8221;bottomEmailOptin&#8221; _builder_version=&#8221;4.8.0&#8243; use_background_color_gradient=&#8221;on&#8221; background_color_gradient_start=&#8221;rgba(34,34,37,0.95)&#8221; background_color_gradient_end=&#8221;rgba(34,34,37,0.95)&#8221; background_color_gradient_overlays_image=&#8221;on&#8221; background_image=&#8221;https:\/\/unaburo.thedev.ca\/wp-content\/uploads\/agency.jpg&#8221; z_index=&#8221;0&#8243; custom_padding=&#8221;||0px|&#8221; global_module=&#8221;49647&#8243; saved_tabs=&#8221;all&#8221; locked=&#8221;off&#8221;][et_pb_row _builder_version=&#8221;3.25&#8243; custom_padding=&#8221;0px||10px|&#8221;][et_pb_column type=&#8221;4_4&#8243; _builder_version=&#8221;3.25&#8243; custom_padding=&#8221;|||&#8221; custom_padding__hover=&#8221;|||&#8221;][et_pb_divider color=&#8221;rgba(255,255,255,0.15)&#8221; _builder_version=&#8221;3.2&#8243; height=&#8221;1px&#8221;][\/et_pb_divider][et_pb_code _builder_version=&#8221;4.8.0&#8243; _module_preset=&#8221;default&#8221;]<iframe loading=\"lazy\" src=\"https:\/\/www2.unaburo.com\/l\/988182\/2022-09-20\/dbxqs5\" width=\"100%\" height=\"350\" type=\"text\/html\" frameborder=\"0\" allowTransparency=\"true\" style=\"border: 0\"><\/iframe>[\/et_pb_code][et_pb_social_media_follow _builder_version=&#8221;3.19.18&#8243; text_orientation=&#8221;center&#8221;][et_pb_social_media_follow_network social_network=&#8221;facebook&#8221; url=&#8221;https:\/\/www.facebook.com\/unaburo\/&#8221; _builder_version=&#8221;3.19.18&#8243; background_color=&#8221;#538096&#8243; follow_button=&#8221;off&#8221; url_new_window=&#8221;on&#8221;]Facebook[\/et_pb_social_media_follow_network][et_pb_social_media_follow_network social_network=&#8221;youtube&#8221; url=&#8221;https:\/\/www.youtube.com\/channel\/UCvcg5UIOG-KVTqp-3xGg_Bw&#8221; _builder_version=&#8221;3.19.18&#8243; background_color=&#8221;#831c34&#8243; follow_button=&#8221;off&#8221; url_new_window=&#8221;on&#8221;]Youtube[\/et_pb_social_media_follow_network][et_pb_social_media_follow_network social_network=&#8221;linkedin&#8221; url=&#8221;https:\/\/www.linkedin.com\/company\/una-buro&#8221; _builder_version=&#8221;3.19.18&#8243; background_color=&#8221;#538096&#8243; follow_button=&#8221;off&#8221; url_new_window=&#8221;on&#8221;]LinkedIn[\/et_pb_social_media_follow_network][\/et_pb_social_media_follow][et_pb_text _builder_version=&#8221;4.0.11&#8243; text_font=&#8221;Lato||||||||&#8221; text_font_size=&#8221;16px&#8221; text_line_height=&#8221;0.5em&#8221; link_text_color=&#8221;#b02c3c&#8221; header_2_font=&#8221;Lato|300|||||||&#8221; header_2_font_size=&#8221;60px&#8221; header_3_font=&#8221;Lato|300|||||||&#8221; header_3_font_size=&#8221;48px&#8221; text_orientation=&#8221;center&#8221; background_layout=&#8221;dark&#8221; module_alignment=&#8221;center&#8221; custom_margin=&#8221;||25px|&#8221; text_text_shadow_style=&#8221;preset3&#8243; text_text_shadow_blur_strength=&#8221;1.34em&#8221; text_text_shadow_color=&#8221;rgba(0,0,0,0.22)&#8221; locked=&#8221;off&#8221;]<\/p>\n<p>\u00a9 2020 Una Buro<\/p>\n<p>107-2020 Trans Canda Route<\/p>\n<p>Dorval, QC H9P 2N4<\/p>\n<p>514-226-8451<\/p>\n<p><a href=\"mailto:hello@unaburo.thedev.ca\">bonjour@unaburo.thedev.ca<\/a><\/p>\n<p>[\/et_pb_text][\/et_pb_column][\/et_pb_row][\/et_pb_section]<\/p>\n","protected":false},"excerpt":{"rendered":"<p>[et_pb_section fb_built=&#8221;1&#8243; custom_padding_last_edited=&#8221;on|desktop&#8221; _builder_version=&#8221;4.8.0&#8243; use_background_color_gradient=&#8221;on&#8221; background_color_gradient_start=&#8221;rgba(123,162,175,0.75)&#8221; background_color_gradient_end=&#8221;rgba(83,128,150,0.76)&#8221; background_color_gradient_direction=&#8221;45deg&#8221; background_color_gradient_overlays_image=&#8221;on&#8221; background_image=&#8221;https:\/\/unaburo.thedev.ca\/wp-content\/uploads\/actions-environnementales-1920-4-1632271273.jpg&#8221; background_position=&#8221;top_center&#8221; z_index=&#8221;0&#8243; custom_padding=&#8221;0px||150px|&#8221; custom_padding_tablet=&#8221;||100px|&#8221; custom_padding_phone=&#8221;&#8221; bottom_divider_color=&#8221;#ffffff&#8221; bottom_divider_height=&#8221;150px&#8221; bottom_divider_height_tablet=&#8221;75px&#8221; bottom_divider_height_phone=&#8221;50px&#8221; bottom_divider_height_last_edited=&#8221;on|phone&#8221; locked=&#8221;off&#8221;][et_pb_row _builder_version=&#8221;4.8.0&#8243; background_size=&#8221;initial&#8221; background_position=&#8221;top_left&#8221; background_repeat=&#8221;repeat&#8221; border_radii=&#8221;on|4px|4px|4px|4px&#8221; border_width_all=&#8221;4px&#8221; border_color_all=&#8221;#FFFFFF&#8221;][et_pb_column type=&#8221;4_4&#8243; _builder_version=&#8221;3.25&#8243; custom_padding=&#8221;|||&#8221; custom_padding__hover=&#8221;|||&#8221;][et_pb_text _builder_version=&#8221;4.8.0&#8243; text_font_size=&#8221;56px&#8221; header_font=&#8221;Maven Pro|100||on|||||&#8221; header_font_size=&#8221;100px&#8221; header_line_height=&#8221;1.3em&#8221; header_3_font=&#8221;Lato|900||on|||||&#8221; header_3_font_size=&#8221;15px&#8221; header_3_letter_spacing=&#8221;10px&#8221; z_index=&#8221;0&#8243; text_orientation=&#8221;center&#8221; background_layout=&#8221;dark&#8221; module_alignment=&#8221;center&#8221; header_font_size_tablet=&#8221;60px&#8221; header_font_size_phone=&#8221;40px&#8221; header_font_size_last_edited=&#8221;on|phone&#8221; header_3_font_size_tablet=&#8221;&#8221; header_3_font_size_phone=&#8221;12px&#8221; header_3_font_size_last_edited=&#8221;on|phone&#8221; header_3_letter_spacing_tablet=&#8221;&#8221; header_3_letter_spacing_phone=&#8221;6px&#8221; header_3_letter_spacing_last_edited=&#8221;on|desktop&#8221;]Activit\u00e9s environnementales [&hellip;]<\/p>\n","protected":false},"author":11,"featured_media":0,"parent":0,"menu_order":0,"comment_status":"closed","ping_status":"closed","template":"","meta":{"_et_pb_use_builder":"on","_et_pb_old_content":"","_et_gb_content_width":""},"_links":{"self":[{"href":"https:\/\/unaburo.thedev.ca\/fr\/wp-json\/wp\/v2\/pages\/50544"}],"collection":[{"href":"https:\/\/unaburo.thedev.ca\/fr\/wp-json\/wp\/v2\/pages"}],"about":[{"href":"https:\/\/unaburo.thedev.ca\/fr\/wp-json\/wp\/v2\/types\/page"}],"author":[{"embeddable":true,"href":"https:\/\/unaburo.thedev.ca\/fr\/wp-json\/wp\/v2\/users\/11"}],"replies":[{"embeddable":true,"href":"https:\/\/unaburo.thedev.ca\/fr\/wp-json\/wp\/v2\/comments?post=50544"}],"version-history":[{"count":41,"href":"https:\/\/unaburo.thedev.ca\/fr\/wp-json\/wp\/v2\/pages\/50544\/revisions"}],"predecessor-version":[{"id":53533,"href":"https:\/\/unaburo.thedev.ca\/fr\/wp-json\/wp\/v2\/pages\/50544\/revisions\/53533"}],"wp:attachment":[{"href":"https:\/\/unaburo.thedev.ca\/fr\/wp-json\/wp\/v2\/media?parent=50544"}],"curies":[{"name":"wp","href":"https:\/\/api.w.org\/{rel}","templated":true}]}}